{"id":3339,"date":"2024-04-30T14:22:53","date_gmt":"2024-04-30T12:22:53","guid":{"rendered":"https:\/\/www.alpha-numerics.de\/?page_id=3339"},"modified":"2024-09-20T15:22:47","modified_gmt":"2024-09-20T13:22:47","slug":"welcome-hungary","status":"publish","type":"page","link":"https:\/\/www.alpha-numerics.de\/en\/welcome-hungary\/","title":{"rendered":"Welcome Hungary"},"content":{"rendered":"<p>[et_pb_section fb_built=&#8221;1&#8243; fullwidth=&#8221;on&#8221; admin_label=&#8221;Sektion&#8221; _builder_version=&#8221;4.16&#8243; width=&#8221;100%&#8221; height=&#8221;700px&#8221; custom_margin=&#8221;||||false|false&#8221; custom_padding=&#8221;||||false|false&#8221; bottom_divider_style=&#8221;arrow2&#8243; bottom_divider_color=&#8221;#ffffff&#8221; locked=&#8221;off&#8221; global_colors_info=&#8221;{}&#8221;][et_pb_fullwidth_header title=&#8221;\u00dcdv\u00f6z\u00f6lj\u00fck&#8221; text_orientation=&#8221;center&#8221; _builder_version=&#8221;4.24.2&#8243; title_font=&#8221;|700||on|||||&#8221; background_enable_color=&#8221;off&#8221; use_background_color_gradient=&#8221;on&#8221; background_color_gradient_direction=&#8221;166deg&#8221; background_color_gradient_stops=&#8221;rgba(0,0,0,0.48) 0%|#000000 100%&#8221; background_color_gradient_start=&#8221;rgba(0,0,0,0.48)&#8221; background_color_gradient_end=&#8221;#000000&#8243; background_image=&#8221;https:\/\/www.alpha-numerics.de\/wp-content\/uploads\/2024\/04\/Welcome-Hungary2-scaled.jpg&#8221; background_enable_video_mp4=&#8221;off&#8221; min_height=&#8221;700px&#8221; custom_padding=&#8221;||||false|false&#8221; title_text_shadow_style=&#8221;preset1&#8243; global_colors_info=&#8221;{}&#8221;][\/et_pb_fullwidth_header][\/et_pb_section][et_pb_section fb_built=&#8221;1&#8243; _builder_version=&#8221;4.16&#8243; background_color=&#8221;#054989&#8243; global_colors_info=&#8221;{}&#8221;][et_pb_row _builder_version=&#8221;4.16&#8243; saved_tabs=&#8221;all&#8221; global_colors_info=&#8221;{}&#8221;][et_pb_column type=&#8221;4_4&#8243; _builder_version=&#8221;4.16&#8243; global_colors_info=&#8221;{}&#8221;][et_pb_text _builder_version=&#8221;4.24.2&#8243; text_text_color=&#8221;#ffffff&#8221; header_2_text_color=&#8221;#ffffff&#8221; header_4_text_color=&#8221;#b2b2b2&#8243; global_colors_info=&#8221;{}&#8221;]<\/p>\n<h2><strong>ALPHA-Numerics GmbH &#8211; Az \u00d6n szakembere az elektronikai h\u0171t\u00e9s ter\u00fclet\u00e9n<\/strong><\/h2>\n<p>Ipari CFD (Computational Fluid Dynamics) szimul\u00e1ci\u00f3s eszk\u00f6z\u00f6ket k\u00edn\u00e1lunk az elektronikai h\u0171t\u00e9shez. Szerz\u0151d\u00e9ses szimul\u00e1ci\u00f3s m\u00e9rn\u00f6ki c\u00e9gk\u00e9nt \u00e9s a Cadence CelsiusEC szoftver forgalmaz\u00f3jak\u00e9nt sz\u00e1mos k\u00e9pz\u00e9si lehet\u0151s\u00e9get k\u00edn\u00e1lunk g\u00e9p\u00e9szeti tervez\u0151m\u00e9rn\u00f6k\u00f6k \u00e9s hardvertervez\u0151k sz\u00e1m\u00e1ra.<\/p>\n<p>Ezenk\u00edv\u00fcl minden k\u00e9pzett szoftverfelhaszn\u00e1l\u00f3 ig\u00e9nybe veheti hozz\u00e1\u00e9rt\u0151 \u00e9s gyors t\u00e1mogat\u00e1sunkat forr\u00f3dr\u00f3tunkon, virtu\u00e1lis tal\u00e1lkoz\u00f3inkon vagy technikai e-mailes t\u00e1mogat\u00e1sunkon kereszt\u00fcl.<\/p>\n<p>Sz\u00e1mos ingyenes webin\u00e1riumot k\u00edn\u00e1lunk, hogy naprak\u00e9szen t\u00e1j\u00e9koztassuk \u00d6nt az elektronikai h\u0171t\u00e9s, a fizika, a szoftver vagy a munkaszimul\u00e1ci\u00f3 t\u00e9mak\u00f6r\u00e9ben. <br \/>A k\u00f6vetkez\u0151 r\u00e9szben \u00e1ttekint\u00e9st tal\u00e1l a k\u00edn\u00e1lt webin\u00e1riumi t\u00e9m\u00e1kr\u00f3l, valamint a regisztr\u00e1ci\u00f3s \u0171rlapot. \u00d6r\u00f6mmel osztjuk meg \u00d6nnel szak\u00e9rtelm\u00fcnket ezen a k\u00e9pz\u00e9si csatorn\u00e1n kereszt\u00fcl.<\/p>\n<p>Minden aj\u00e1nlatunk n\u00e9met vagy angol nyelven \u00e9rhet\u0151 el.<\/p>\n<ul><\/ul>\n<p>[\/et_pb_text][\/et_pb_column][\/et_pb_row][\/et_pb_section][et_pb_section fb_built=&#8221;1&#8243; admin_label=&#8221;Sektion&#8221; _builder_version=&#8221;4.16&#8243; custom_padding=&#8221;80px||0px||false|false&#8221; locked=&#8221;off&#8221; global_colors_info=&#8221;{}&#8221;][et_pb_row _builder_version=&#8221;4.16&#8243; custom_padding=&#8221;0px|||||&#8221; global_colors_info=&#8221;{}&#8221;][et_pb_column type=&#8221;4_4&#8243; _builder_version=&#8221;4.16&#8243; global_colors_info=&#8221;{}&#8221;][et_pb_text _builder_version=&#8221;4.25.1&#8243; header_font=&#8221;|600|||||||&#8221; header_text_color=&#8221;#0c71c3&#8243; custom_padding=&#8221;||2px|||&#8221; global_colors_info=&#8221;{}&#8221;]<\/p>\n<h1>Let\u00f6lthet\u0151 Whitepaper<\/h1>\n<p>Jelenleg egy feh\u00e9r k\u00f6nyvet k\u00edn\u00e1lunk a \u201eCelsiusEC &#8211; A h\u0151utak vizualiz\u00e1l\u00e1sa\u201d t\u00e9m\u00e1ban. A k\u00f6vetkez\u0151 t\u00e9m\u00e1kat tartalmazza:<\/p>\n<ul>\n<li>Mikor hasznos egy szimul\u00e1ci\u00f3?<\/li>\n<li>Mi\u00e9rt tekinthet\u0151 a CelsiusEC \u201eipar\u00e1g-specifikus szimul\u00e1ci\u00f3s eszk\u00f6znek?<\/li>\n<li>Hogyan lehet megjelen\u00edteni a lehets\u00e9ges h\u0151utakat?<\/li>\n<li>ALPHA-Numerika mint az \u00d6n szakembere<\/li>\n<\/ul>\n<p>A termikusan optimaliz\u00e1lt tervez\u00e9shez mind a szerelv\u00e9nyen bel\u00fcli j\u00f3 h\u0151eloszl\u00e1sra, mind az eszk\u00f6zbe \u00e9s az eszk\u00f6zb\u0151l t\u00f6rt\u00e9n\u0151 j\u00f3 h\u0151\u00e1tad\u00e1sra sz\u00fcks\u00e9g van.<br \/>A j\u00f3 h\u0151kezel\u00e9shez azonban folyamatos kommunik\u00e1ci\u00f3ra \u00e9s koordin\u00e1ci\u00f3ra is sz\u00fcks\u00e9g van az \u00f6sszes \u00e9rintett f\u00e9l k\u00f6z\u00f6tt. A term\u00e9k \u00e9s a h\u0151utak 3D-s vizualiz\u00e1ci\u00f3ja a kommunik\u00e1ci\u00f3 alapjak\u00e9nt \u00e9s az innov\u00e1ci\u00f3 hajt\u00f3erejek\u00e9nt seg\u00edthet ebben. &lt;B\u0151vebb inform\u00e1ci\u00f3\u00e9rt k\u00e9rj\u00fck, regisztr\u00e1ljon-&gt;.<\/p>\n<p>Regisztr\u00e1ci\u00f3j\u00e1t k\u00f6vet\u0151en a feh\u00e9r k\u00f6nyvet PDF form\u00e1tumban elk\u00fcldj\u00fck \u00d6nnek a megadott e-mail c\u00edmre.<\/p>\n<p>[\/et_pb_text][\/et_pb_column][\/et_pb_row][\/et_pb_section][et_pb_section fb_built=&#8221;1&#8243; _builder_version=&#8221;4.16&#8243; background_color=&#8221;#054989&#8243; global_colors_info=&#8221;{}&#8221;][et_pb_row _builder_version=&#8221;4.16&#8243; saved_tabs=&#8221;all&#8221; global_colors_info=&#8221;{}&#8221;][et_pb_column type=&#8221;4_4&#8243; _builder_version=&#8221;4.16&#8243; global_colors_info=&#8221;{}&#8221;][et_pb_text _builder_version=&#8221;4.25.1&#8243; text_text_color=&#8221;#ffffff&#8221; header_2_text_color=&#8221;#ffffff&#8221; header_4_text_color=&#8221;#b2b2b2&#8243; global_colors_info=&#8221;{}&#8221;]<\/p>\n<h2>Webin\u00e1rium &#8211; 45 perc bevezet\u00e9s<\/h2>\n<p>Jelenleg 4 k\u00fcl\u00f6nb\u00f6z\u0151 t\u00e9m\u00e1ban k\u00edn\u00e1lunk kompakt el\u0151ad\u00e1sokat angol nyelven.<\/p>\n<p>Jelenleg a k\u00f6vetkez\u0151 t\u00e9m\u00e1k \u00e1llnak rendelkez\u00e9sre:<\/p>\n<ul>\n<li>Webin\u00e1rium #1: Betekint\u00e9s az \u201eelektronikus h\u0171t\u00e9sbe\u201d<\/li>\n<li>2. webin\u00e1rium: CFD szimul\u00e1ci\u00f3s szoftverek haszn\u00e1lata a fejleszt\u00e9si folyamatban<\/li>\n<li>Webinar #3: Rendszerszimul\u00e1ci\u00f3 &#8211; Mikor hasznos? Mit kell sz\u00e1ll\u00edtani? Mit kapok \u00e9s mennyibe ker\u00fcl?<\/li>\n<li>Webinar #4: LiveDemo CelsiusEC &#8211; 45 perces m\u00e9lyrehat\u00f3 betekint\u00e9s a CelsiusEC funkcion\u00e1lis k\u00f6r\u00e9be.<\/li>\n<\/ul>\n<ul><\/ul>\n<p>[\/et_pb_text][\/et_pb_column][\/et_pb_row][\/et_pb_section][et_pb_section fb_built=&#8221;1&#8243; admin_label=&#8221;Sektion&#8221; _builder_version=&#8221;4.16&#8243; custom_padding=&#8221;0px||80px||false|false&#8221; global_colors_info=&#8221;{}&#8221;][et_pb_row column_structure=&#8221;3_4,1_4&#8243; _builder_version=&#8221;4.16&#8243; global_colors_info=&#8221;{}&#8221;][et_pb_column type=&#8221;3_4&#8243; _builder_version=&#8221;4.16&#8243; global_colors_info=&#8221;{}&#8221;][et_pb_contact_form email=&#8221;register@alpha-numerics.de&#8221; title=&#8221;Registration for Webinar \/ Whitepaper \/ Mailinglist&#8221; success_message=&#8221;<\/p>\n<p>Thank you for your inquiry, we will get back to you shortly.<\/p>\n<p>&#8221; submit_button_text=&#8221;Submit&#8221; module_class=&#8221;pa-contact-form-asterisks&#8221; _builder_version=&#8221;4.25.1&#8243; _module_preset=&#8221;default&#8221; _unique_id=&#8221;1d489f76-0d03-4c3c-855c-33a033af09af&#8221; admin_email_subject=&#8221;Registrierung auf AN-Homepage&#8221; admin_email_from_name=&#8221;Alpha Numerics Homepage&#8221; global_colors_info=&#8221;{}&#8221;][et_pb_contact_field field_id=&#8221;webinar&#8221; field_title=&#8221;Select webinar:&#8221; field_type=&#8221;select&#8221; select_options=&#8221;%91{%22value%22:%22Whitepaper #1 Download Request%22,%22checked%22:0,%22dragID%22:-1},{%22value%22:%22Webinar #1 Introduction Electronics Cooling 26.09.2024 &#8211; 9:30 a.m.%22,%22checked%22:0,%22dragID%22:0},{%22value%22:%22Webinar #1 Introduction Electronics Cooling 13.11.2024 &#8211; 9:30 a.m.%22,%22checked%22:0,%22dragID%22:5},{%22value%22:%22Webinar #2 CFD Simulation during development process 26.09.2024 &#8211; 11:00 a.m.%22,%22checked%22:0,%22dragID%22:1},{%22value%22:%22Webinar #2 CFD Simulation during development process 13.11.2024 &#8211; 11:00 a.m.%22,%22checked%22:0,%22dragID%22:6},{%22value%22:%22Webinar #3 Consultancy Services 26.09.2024 &#8211; 2:00 p.m.%22,%22checked%22:0,%22dragID%22:2},{%22value%22:%22Webinar #3 Consultancy Services 13.11.2024 &#8211; 2:00 p.m.%22,%22checked%22:0,%22dragID%22:7},{%22value%22:%22Webinar #4 LiveDemo CelsiusEC 26.09.24 &#8211; 3:00 p.m.%22,%22checked%22:0,%22dragID%22:3},{%22value%22:%22Webinar #4 LiveDemo CelsiusEC 13.11.24 &#8211; 3:00 p.m.%22,%22checked%22:0,%22dragID%22:8},{%22value%22:%22Please include me in your upcoming mailings%22,%22checked%22:0,%22dragID%22:4}%93&#8243; fullwidth_field=&#8221;on&#8221; _builder_version=&#8221;4.25.1&#8243; global_colors_info=&#8221;{}&#8221; button_text_size__hover_enabled=&#8221;off&#8221; button_one_text_size__hover_enabled=&#8221;off&#8221; button_two_text_size__hover_enabled=&#8221;off&#8221; button_text_color__hover_enabled=&#8221;off&#8221; button_one_text_color__hover_enabled=&#8221;off&#8221; button_two_text_color__hover_enabled=&#8221;off&#8221; button_border_width__hover_enabled=&#8221;off&#8221; button_one_border_width__hover_enabled=&#8221;off&#8221; button_two_border_width__hover_enabled=&#8221;off&#8221; button_border_color__hover_enabled=&#8221;off&#8221; button_one_border_color__hover_enabled=&#8221;off&#8221; button_two_border_color__hover_enabled=&#8221;off&#8221; button_border_radius__hover_enabled=&#8221;off&#8221; button_one_border_radius__hover_enabled=&#8221;off&#8221; button_two_border_radius__hover_enabled=&#8221;off&#8221; button_letter_spacing__hover_enabled=&#8221;off&#8221; button_one_letter_spacing__hover_enabled=&#8221;off&#8221; button_two_letter_spacing__hover_enabled=&#8221;off&#8221; button_bg_color__hover_enabled=&#8221;off&#8221; button_one_bg_color__hover_enabled=&#8221;off&#8221; button_two_bg_color__hover_enabled=&#8221;off&#8221;][\/et_pb_contact_field][et_pb_contact_field field_id=&#8221;vorname&#8221; field_title=&#8221;First name:&#8221; fullwidth_field=&#8221;on&#8221; _builder_version=&#8221;4.16&#8243; global_colors_info=&#8221;{}&#8221; button_text_size__hover_enabled=&#8221;off&#8221; button_one_text_size__hover_enabled=&#8221;off&#8221; button_two_text_size__hover_enabled=&#8221;off&#8221; button_text_color__hover_enabled=&#8221;off&#8221; button_one_text_color__hover_enabled=&#8221;off&#8221; button_two_text_color__hover_enabled=&#8221;off&#8221; button_border_width__hover_enabled=&#8221;off&#8221; button_one_border_width__hover_enabled=&#8221;off&#8221; button_two_border_width__hover_enabled=&#8221;off&#8221; button_border_color__hover_enabled=&#8221;off&#8221; button_one_border_color__hover_enabled=&#8221;off&#8221; button_two_border_color__hover_enabled=&#8221;off&#8221; button_border_radius__hover_enabled=&#8221;off&#8221; button_one_border_radius__hover_enabled=&#8221;off&#8221; button_two_border_radius__hover_enabled=&#8221;off&#8221; button_letter_spacing__hover_enabled=&#8221;off&#8221; button_one_letter_spacing__hover_enabled=&#8221;off&#8221; button_two_letter_spacing__hover_enabled=&#8221;off&#8221; button_bg_color__hover_enabled=&#8221;off&#8221; button_one_bg_color__hover_enabled=&#8221;off&#8221; button_two_bg_color__hover_enabled=&#8221;off&#8221;][\/et_pb_contact_field][et_pb_contact_field field_id=&#8221;nachname&#8221; field_title=&#8221;Last name:&#8221; fullwidth_field=&#8221;on&#8221; _builder_version=&#8221;4.16&#8243; global_colors_info=&#8221;{}&#8221; button_text_size__hover_enabled=&#8221;off&#8221; button_one_text_size__hover_enabled=&#8221;off&#8221; button_two_text_size__hover_enabled=&#8221;off&#8221; button_text_color__hover_enabled=&#8221;off&#8221; button_one_text_color__hover_enabled=&#8221;off&#8221; button_two_text_color__hover_enabled=&#8221;off&#8221; button_border_width__hover_enabled=&#8221;off&#8221; button_one_border_width__hover_enabled=&#8221;off&#8221; button_two_border_width__hover_enabled=&#8221;off&#8221; button_border_color__hover_enabled=&#8221;off&#8221; button_one_border_color__hover_enabled=&#8221;off&#8221; button_two_border_color__hover_enabled=&#8221;off&#8221; button_border_radius__hover_enabled=&#8221;off&#8221; button_one_border_radius__hover_enabled=&#8221;off&#8221; button_two_border_radius__hover_enabled=&#8221;off&#8221; button_letter_spacing__hover_enabled=&#8221;off&#8221; button_one_letter_spacing__hover_enabled=&#8221;off&#8221; button_two_letter_spacing__hover_enabled=&#8221;off&#8221; button_bg_color__hover_enabled=&#8221;off&#8221; button_one_bg_color__hover_enabled=&#8221;off&#8221; button_two_bg_color__hover_enabled=&#8221;off&#8221;][\/et_pb_contact_field][et_pb_contact_field field_id=&#8221;firma&#8221; field_title=&#8221;Company:&#8221; fullwidth_field=&#8221;on&#8221; _builder_version=&#8221;4.16&#8243; _module_preset=&#8221;default&#8221; global_colors_info=&#8221;{}&#8221;][\/et_pb_contact_field][et_pb_contact_field field_id=&#8221;land&#8221; field_title=&#8221;Country:&#8221; fullwidth_field=&#8221;on&#8221; _builder_version=&#8221;4.16&#8243; _module_preset=&#8221;default&#8221; global_colors_info=&#8221;{}&#8221;][\/et_pb_contact_field][et_pb_contact_field field_id=&#8221;senderemail&#8221; field_title=&#8221; E-mail address:&#8221; field_type=&#8221;email&#8221; fullwidth_field=&#8221;on&#8221; _builder_version=&#8221;4.16&#8243; _module_preset=&#8221;default&#8221; global_colors_info=&#8221;{}&#8221;][\/et_pb_contact_field][et_pb_contact_field field_id=&#8221;telefon&#8221; field_title=&#8221;Contact phone:&#8221; fullwidth_field=&#8221;on&#8221; _builder_version=&#8221;4.16&#8243; _module_preset=&#8221;default&#8221; global_colors_info=&#8221;{}&#8221;][\/et_pb_contact_field][et_pb_contact_field field_id=&#8221;bedingungen&#8221; field_title=&#8221;I agree to the data protection conditions.&#8221; field_type=&#8221;checkbox&#8221; checkbox_options=&#8221;%91{%22value%22:%22I agree to the data protection conditions.* %22,%22checked%22:0,%22dragID%22:-1,%22link_url%22:%22https:\/\/www.alpha-numerics.de\/en\/data-protection-statement\/%22,%22link_text%22:%22Data protection%22}%93&#8243; fullwidth_field=&#8221;on&#8221; _builder_version=&#8221;4.16&#8243; _module_preset=&#8221;default&#8221; link_option_url_new_window=&#8221;on&#8221; use_field_label_cr=&#8221;off&#8221; global_colors_info=&#8221;{}&#8221;][\/et_pb_contact_field][et_pb_contact_field field_id=&#8221;Field_15&#8243; fullwidth_field=&#8221;on&#8221; _builder_version=&#8221;4.24.2&#8243; _module_preset=&#8221;default&#8221; use_field_html=&#8221;on&#8221; field_htmlcontent=&#8221;<\/p>\n<p>* The marked details are required.<\/p>\n<p>Please enter a company e-mail address.<br \/>If this is not possible, please write to us at <a href=%22mailto:register@alpha-numerics.de%22 data-et-target-link=%22_blank%22 rel=%22noopener%22>register@alpha-numerics.de<\/a>.<\/p>\n<p>&#8221; global_colors_info=&#8221;{}&#8221;][\/et_pb_contact_field][\/et_pb_contact_form][\/et_pb_column][et_pb_column type=&#8221;1_4&#8243; _builder_version=&#8221;4.16&#8243; global_colors_info=&#8221;{}&#8221;][\/et_pb_column][\/et_pb_row][\/et_pb_section]<\/p>\n","protected":false},"excerpt":{"rendered":"<p>ALPHA-Numerics GmbH &#8211; Az \u00d6n szakembere az elektronikai h\u0171t\u00e9s ter\u00fclet\u00e9n Ipari CFD (Computational Fluid Dynamics) szimul\u00e1ci\u00f3s eszk\u00f6z\u00f6ket k\u00edn\u00e1lunk az elektronikai h\u0171t\u00e9shez. Szerz\u0151d\u00e9ses szimul\u00e1ci\u00f3s m\u00e9rn\u00f6ki c\u00e9gk\u00e9nt \u00e9s a Cadence CelsiusEC szoftver forgalmaz\u00f3jak\u00e9nt sz\u00e1mos k\u00e9pz\u00e9si lehet\u0151s\u00e9get k\u00edn\u00e1lunk g\u00e9p\u00e9szeti tervez\u0151m\u00e9rn\u00f6k\u00f6k \u00e9s hardvertervez\u0151k sz\u00e1m\u00e1ra. Ezenk\u00edv\u00fcl minden k\u00e9pzett szoftverfelhaszn\u00e1l\u00f3 ig\u00e9nybe veheti hozz\u00e1\u00e9rt\u0151 \u00e9s gyors t\u00e1mogat\u00e1sunkat forr\u00f3dr\u00f3tunkon, virtu\u00e1lis tal\u00e1lkoz\u00f3inkon vagy technikai [&hellip;]<\/p>\n","protected":false},"author":4,"featured_media":0,"parent":0,"menu_order":0,"comment_status":"closed","ping_status":"closed","template":"","meta":{"_et_pb_use_builder":"on","_et_pb_old_content":"","_et_gb_content_width":"","footnotes":""},"class_list":["post-3339","page","type-page","status-publish","hentry"],"_links":{"self":[{"href":"https:\/\/www.alpha-numerics.de\/en\/wp-json\/wp\/v2\/pages\/3339","targetHints":{"allow":["GET"]}}],"collection":[{"href":"https:\/\/www.alpha-numerics.de\/en\/wp-json\/wp\/v2\/pages"}],"about":[{"href":"https:\/\/www.alpha-numerics.de\/en\/wp-json\/wp\/v2\/types\/page"}],"author":[{"embeddable":true,"href":"https:\/\/www.alpha-numerics.de\/en\/wp-json\/wp\/v2\/users\/4"}],"replies":[{"embeddable":true,"href":"https:\/\/www.alpha-numerics.de\/en\/wp-json\/wp\/v2\/comments?post=3339"}],"version-history":[{"count":15,"href":"https:\/\/www.alpha-numerics.de\/en\/wp-json\/wp\/v2\/pages\/3339\/revisions"}],"predecessor-version":[{"id":3613,"href":"https:\/\/www.alpha-numerics.de\/en\/wp-json\/wp\/v2\/pages\/3339\/revisions\/3613"}],"wp:attachment":[{"href":"https:\/\/www.alpha-numerics.de\/en\/wp-json\/wp\/v2\/media?parent=3339"}],"curies":[{"name":"wp","href":"https:\/\/api.w.org\/{rel}","templated":true}]}}