{"id":3358,"date":"2024-04-30T14:41:21","date_gmt":"2024-04-30T12:41:21","guid":{"rendered":"https:\/\/www.alpha-numerics.de\/?page_id=3358"},"modified":"2024-09-20T15:20:41","modified_gmt":"2024-09-20T13:20:41","slug":"welcome-poland","status":"publish","type":"page","link":"https:\/\/www.alpha-numerics.de\/en\/welcome-poland\/","title":{"rendered":"Welcome Poland"},"content":{"rendered":"<p>[et_pb_section fb_built=&#8221;1&#8243; fullwidth=&#8221;on&#8221; admin_label=&#8221;Sektion&#8221; _builder_version=&#8221;4.16&#8243; width=&#8221;100%&#8221; height=&#8221;700px&#8221; custom_margin=&#8221;||||false|false&#8221; custom_padding=&#8221;||||false|false&#8221; bottom_divider_style=&#8221;arrow2&#8243; bottom_divider_color=&#8221;#ffffff&#8221; locked=&#8221;off&#8221; global_colors_info=&#8221;{}&#8221;][et_pb_fullwidth_header title=&#8221;witamy&#8221; text_orientation=&#8221;center&#8221; _builder_version=&#8221;4.24.2&#8243; title_font=&#8221;|700||on|||||&#8221; background_enable_color=&#8221;off&#8221; use_background_color_gradient=&#8221;on&#8221; background_color_gradient_direction=&#8221;166deg&#8221; background_color_gradient_stops=&#8221;rgba(0,0,0,0.48) 0%|#000000 100%&#8221; background_color_gradient_start=&#8221;rgba(0,0,0,0.48)&#8221; background_color_gradient_end=&#8221;#000000&#8243; background_image=&#8221;https:\/\/www.alpha-numerics.de\/wp-content\/uploads\/2024\/04\/Welcome-Poland2-scaled.jpg&#8221; background_enable_video_mp4=&#8221;off&#8221; min_height=&#8221;700px&#8221; custom_padding=&#8221;||||false|false&#8221; title_text_shadow_style=&#8221;preset1&#8243; global_colors_info=&#8221;{}&#8221;][\/et_pb_fullwidth_header][\/et_pb_section][et_pb_section fb_built=&#8221;1&#8243; _builder_version=&#8221;4.16&#8243; background_color=&#8221;#054989&#8243; global_colors_info=&#8221;{}&#8221;][et_pb_row _builder_version=&#8221;4.16&#8243; saved_tabs=&#8221;all&#8221; global_colors_info=&#8221;{}&#8221;][et_pb_column type=&#8221;4_4&#8243; _builder_version=&#8221;4.16&#8243; global_colors_info=&#8221;{}&#8221;][et_pb_text _builder_version=&#8221;4.24.2&#8243; text_text_color=&#8221;#ffffff&#8221; header_2_text_color=&#8221;#ffffff&#8221; header_4_text_color=&#8221;#b2b2b2&#8243; global_colors_info=&#8221;{}&#8221;]<\/p>\n<h2>ALPHA-Numerics GmbH &#8211; Tw\u00f3j specjalista od ch\u0142odzenia elektroniki<\/h2>\n<p>Oferujemy przemys\u0142owe narz\u0119dzia symulacyjne CFD (Computational Fluid Dynamics) do ch\u0142odzenia elektroniki. Jako wykonawca in\u017cynierii symulacji i dystrybutor oprogramowania Cadence CelsiusEC, oferujemy szereg mo\u017cliwo\u015bci szkoleniowych dla in\u017cynier\u00f3w projektant\u00f3w i programist\u00f3w sprz\u0119tu.<br \/>Ponadto wszyscy wykwalifikowani u\u017cytkownicy oprogramowania mog\u0105 skorzysta\u0107 z naszego kompetentnego i szybkiego wsparcia za po\u015brednictwem naszej infolinii, wirtualnych spotka\u0144 lub technicznego wsparcia e-mailowego.<br \/>Oferujemy seri\u0119 bezp\u0142atnych webinari\u00f3w, aby by\u0107 na bie\u017c\u0105co z ch\u0142odzeniem elektroniki, fizyk\u0105, oprogramowaniem lub symulacj\u0105 pracy.<br \/>W poni\u017cszej sekcji znajduje si\u0119 przegl\u0105d oferowanych temat\u00f3w webinari\u00f3w oraz formularz rejestracyjny. Z niecierpliwo\u015bci\u0105 czekamy na mo\u017cliwo\u015b\u0107 podzielenia si\u0119 nasz\u0105 wiedz\u0105 za po\u015brednictwem tego kana\u0142u szkoleniowego.<br \/>Wszystkie nasze oferty s\u0105 dost\u0119pne w j\u0119zyku niemieckim lub angielskim.<\/p>\n<ul><\/ul>\n<p>[\/et_pb_text][\/et_pb_column][\/et_pb_row][\/et_pb_section][et_pb_section fb_built=&#8221;1&#8243; admin_label=&#8221;Sektion&#8221; _builder_version=&#8221;4.16&#8243; custom_padding=&#8221;80px||0px||false|false&#8221; locked=&#8221;off&#8221; global_colors_info=&#8221;{}&#8221;][et_pb_row _builder_version=&#8221;4.16&#8243; custom_padding=&#8221;0px|||||&#8221; global_colors_info=&#8221;{}&#8221;][et_pb_column type=&#8221;4_4&#8243; _builder_version=&#8221;4.16&#8243; global_colors_info=&#8221;{}&#8221;][et_pb_text _builder_version=&#8221;4.16&#8243; header_font=&#8221;|600|||||||&#8221; header_text_color=&#8221;#0c71c3&#8243; global_colors_info=&#8221;{}&#8221;]<\/p>\n<p><b>Bia\u0142a ksi\u0119ga do pobrania<\/b><\/p>\n<p>Obecnie oferujemy bia\u0142\u0105 ksi\u0119g\u0119 na temat \u201eCelsiusEC &#8211; Wizualizacja \u015bcie\u017cek ciep\u0142a\u201d. Zawiera ona nast\u0119puj\u0105ce tematy:<\/p>\n<ul>\n<li>Kiedy symulacja jest przydatna?<\/li>\n<li>Dlaczego CelsiusEC jest uwa\u017cany za \u201ebran\u017cowe narz\u0119dzie symulacyjne\u201d?<\/li>\n<li>Jak wizualizowa\u0107 mo\u017cliwe \u015bcie\u017cki ciep\u0142a?<\/li>\n<li>ALPHA-Numerics jako Tw\u00f3j specjalista<\/li>\n<\/ul>\n<p>Zoptymalizowany termicznie projekt wymaga zar\u00f3wno dobrej dystrybucji ciep\u0142a w module, jak i dobrego transferu ciep\u0142a do i z urz\u0105dzenia.<br \/>Jednak dobre zarz\u0105dzanie ciep\u0142em wymaga r\u00f3wnie\u017c ci\u0105g\u0142ej komunikacji i koordynacji mi\u0119dzy wszystkimi zaanga\u017cowanymi stronami. Wizualizacja 3D produktu i jego \u015bcie\u017cek termicznych mo\u017ce s\u0142u\u017cy\u0107 jako podstawa komunikacji i si\u0142a nap\u0119dowa innowacji. &lt;Zarejestruj si\u0119, aby uzyska\u0107 wi\u0119cej informacji&gt;.<\/p>\n<p>Po dokonaniu rejestracji prze\u015blemy wersj\u0119 PDF bia\u0142ej ksi\u0119gi na podany adres e-mail.<\/p>\n<p>[\/et_pb_text][\/et_pb_column][\/et_pb_row][\/et_pb_section][et_pb_section fb_built=&#8221;1&#8243; _builder_version=&#8221;4.16&#8243; background_color=&#8221;#054989&#8243; global_colors_info=&#8221;{}&#8221;][et_pb_row _builder_version=&#8221;4.16&#8243; saved_tabs=&#8221;all&#8221; global_colors_info=&#8221;{}&#8221;][et_pb_column type=&#8221;4_4&#8243; _builder_version=&#8221;4.16&#8243; global_colors_info=&#8221;{}&#8221;][et_pb_text _builder_version=&#8221;4.24.2&#8243; text_text_color=&#8221;#ffffff&#8221; header_2_text_color=&#8221;#ffffff&#8221; header_4_text_color=&#8221;#b2b2b2&#8243; global_colors_info=&#8221;{}&#8221;]<\/p>\n<h2>Webinar &#8211; 45 minut na wprowadzenie<\/h2>\n<p>Obecnie oferujemy kompaktowe prezentacje na 4 r\u00f3\u017cne tematy w j\u0119zyku angielskim.<\/p>\n<p>Obecnie dost\u0119pne s\u0105 nast\u0119puj\u0105ce tematy:<\/p>\n<ul>\n<li>Webinarium #1: Wgl\u0105d w \u201eElektroniczne ch\u0142odzenie\u201d<\/li>\n<li>Webinarium #2: Wykorzystanie oprogramowania symulacyjnego CFD w procesie rozwoju<\/li>\n<li>Webinarium #3: Symulacja systemu &#8211; Kiedy jest przydatna? Co nale\u017cy dostarczy\u0107? Co otrzymam i ile to kosztuje?<\/li>\n<li>Webinarium #4: LiveDemo CelsiusEC &#8211; 45-minutowy dog\u0142\u0119bny wgl\u0105d w zakres funkcjonalny CelsiusEC.<\/li>\n<\/ul>\n<p>Na podany adres e-mail prze\u015blemy wersj\u0119 PDF bia\u0142ej ksi\u0119gi.<\/p>\n<ul><\/ul>\n<p>[\/et_pb_text][\/et_pb_column][\/et_pb_row][\/et_pb_section][et_pb_section fb_built=&#8221;1&#8243; admin_label=&#8221;Sektion&#8221; _builder_version=&#8221;4.16&#8243; custom_padding=&#8221;0px||80px||false|false&#8221; global_colors_info=&#8221;{}&#8221;][et_pb_row column_structure=&#8221;3_4,1_4&#8243; _builder_version=&#8221;4.16&#8243; global_colors_info=&#8221;{}&#8221;][et_pb_column type=&#8221;3_4&#8243; _builder_version=&#8221;4.16&#8243; global_colors_info=&#8221;{}&#8221;][et_pb_contact_form email=&#8221;register@alpha-numerics.de&#8221; title=&#8221;Registration for Webinar \/ Whitepaper \/ Mailinglist&#8221; success_message=&#8221;<\/p>\n<p>Thank you for your inquiry, we will get back to you shortly.<\/p>\n<p>&#8221; submit_button_text=&#8221;Submit&#8221; module_class=&#8221;pa-contact-form-asterisks&#8221; _builder_version=&#8221;4.25.1&#8243; _module_preset=&#8221;default&#8221; _unique_id=&#8221;1d489f76-0d03-4c3c-855c-33a033af09af&#8221; admin_email_subject=&#8221;Registrierung auf AN-Homepage&#8221; admin_email_from_name=&#8221;Alpha Numerics Homepage&#8221; global_colors_info=&#8221;{}&#8221;][et_pb_contact_field field_id=&#8221;webinar&#8221; field_title=&#8221;Select webinar:&#8221; field_type=&#8221;select&#8221; select_options=&#8221;%91{%22value%22:%22Whitepaper #1 Download Request%22,%22checked%22:0,%22dragID%22:-1},{%22value%22:%22Webinar #1 Introduction Electronics Cooling 26.09.2024 &#8211; 9:30 a.m.%22,%22checked%22:0,%22dragID%22:0},{%22value%22:%22Webinar #1 Introduction Electronics Cooling 13.11.2024 &#8211; 9:30 a.m.%22,%22checked%22:0,%22dragID%22:5},{%22value%22:%22Webinar #2 CFD Simulation during development process 26.09.2024 &#8211; 11:00 a.m.%22,%22checked%22:0,%22dragID%22:1},{%22value%22:%22Webinar #2 CFD Simulation during development process 13.11.2024 &#8211; 11:00 a.m.%22,%22checked%22:0,%22dragID%22:6},{%22value%22:%22Webinar #3 Consultancy Services 26.09.2024 &#8211; 2:00 p.m.%22,%22checked%22:0,%22dragID%22:2},{%22value%22:%22Webinar #3 Consultancy Services 13.11.2024 &#8211; 2:00 p.m.%22,%22checked%22:0,%22dragID%22:7},{%22value%22:%22Webinar #4 LiveDemo CelsiusEC 26.09.24 &#8211; 3:00 p.m.%22,%22checked%22:0,%22dragID%22:3},{%22value%22:%22Webinar #4 LiveDemo CelsiusEC 13.11.24 &#8211; 3:00 p.m.%22,%22checked%22:0,%22dragID%22:8},{%22value%22:%22Please include me in your upcoming mailings%22,%22checked%22:0,%22dragID%22:4}%93&#8243; fullwidth_field=&#8221;on&#8221; _builder_version=&#8221;4.25.1&#8243; global_colors_info=&#8221;{}&#8221; button_text_size__hover_enabled=&#8221;off&#8221; button_one_text_size__hover_enabled=&#8221;off&#8221; button_two_text_size__hover_enabled=&#8221;off&#8221; button_text_color__hover_enabled=&#8221;off&#8221; button_one_text_color__hover_enabled=&#8221;off&#8221; button_two_text_color__hover_enabled=&#8221;off&#8221; button_border_width__hover_enabled=&#8221;off&#8221; button_one_border_width__hover_enabled=&#8221;off&#8221; button_two_border_width__hover_enabled=&#8221;off&#8221; button_border_color__hover_enabled=&#8221;off&#8221; button_one_border_color__hover_enabled=&#8221;off&#8221; button_two_border_color__hover_enabled=&#8221;off&#8221; button_border_radius__hover_enabled=&#8221;off&#8221; button_one_border_radius__hover_enabled=&#8221;off&#8221; button_two_border_radius__hover_enabled=&#8221;off&#8221; button_letter_spacing__hover_enabled=&#8221;off&#8221; button_one_letter_spacing__hover_enabled=&#8221;off&#8221; button_two_letter_spacing__hover_enabled=&#8221;off&#8221; button_bg_color__hover_enabled=&#8221;off&#8221; button_one_bg_color__hover_enabled=&#8221;off&#8221; button_two_bg_color__hover_enabled=&#8221;off&#8221;][\/et_pb_contact_field][et_pb_contact_field field_id=&#8221;vorname&#8221; field_title=&#8221;First name:&#8221; fullwidth_field=&#8221;on&#8221; _builder_version=&#8221;4.16&#8243; global_colors_info=&#8221;{}&#8221; button_text_size__hover_enabled=&#8221;off&#8221; button_one_text_size__hover_enabled=&#8221;off&#8221; button_two_text_size__hover_enabled=&#8221;off&#8221; button_text_color__hover_enabled=&#8221;off&#8221; button_one_text_color__hover_enabled=&#8221;off&#8221; button_two_text_color__hover_enabled=&#8221;off&#8221; button_border_width__hover_enabled=&#8221;off&#8221; button_one_border_width__hover_enabled=&#8221;off&#8221; button_two_border_width__hover_enabled=&#8221;off&#8221; button_border_color__hover_enabled=&#8221;off&#8221; button_one_border_color__hover_enabled=&#8221;off&#8221; button_two_border_color__hover_enabled=&#8221;off&#8221; button_border_radius__hover_enabled=&#8221;off&#8221; button_one_border_radius__hover_enabled=&#8221;off&#8221; button_two_border_radius__hover_enabled=&#8221;off&#8221; button_letter_spacing__hover_enabled=&#8221;off&#8221; button_one_letter_spacing__hover_enabled=&#8221;off&#8221; button_two_letter_spacing__hover_enabled=&#8221;off&#8221; button_bg_color__hover_enabled=&#8221;off&#8221; button_one_bg_color__hover_enabled=&#8221;off&#8221; button_two_bg_color__hover_enabled=&#8221;off&#8221;][\/et_pb_contact_field][et_pb_contact_field field_id=&#8221;nachname&#8221; field_title=&#8221;Last name:&#8221; fullwidth_field=&#8221;on&#8221; _builder_version=&#8221;4.16&#8243; global_colors_info=&#8221;{}&#8221; button_text_size__hover_enabled=&#8221;off&#8221; button_one_text_size__hover_enabled=&#8221;off&#8221; button_two_text_size__hover_enabled=&#8221;off&#8221; button_text_color__hover_enabled=&#8221;off&#8221; button_one_text_color__hover_enabled=&#8221;off&#8221; button_two_text_color__hover_enabled=&#8221;off&#8221; button_border_width__hover_enabled=&#8221;off&#8221; button_one_border_width__hover_enabled=&#8221;off&#8221; button_two_border_width__hover_enabled=&#8221;off&#8221; button_border_color__hover_enabled=&#8221;off&#8221; button_one_border_color__hover_enabled=&#8221;off&#8221; button_two_border_color__hover_enabled=&#8221;off&#8221; button_border_radius__hover_enabled=&#8221;off&#8221; button_one_border_radius__hover_enabled=&#8221;off&#8221; button_two_border_radius__hover_enabled=&#8221;off&#8221; button_letter_spacing__hover_enabled=&#8221;off&#8221; button_one_letter_spacing__hover_enabled=&#8221;off&#8221; button_two_letter_spacing__hover_enabled=&#8221;off&#8221; button_bg_color__hover_enabled=&#8221;off&#8221; button_one_bg_color__hover_enabled=&#8221;off&#8221; button_two_bg_color__hover_enabled=&#8221;off&#8221;][\/et_pb_contact_field][et_pb_contact_field field_id=&#8221;firma&#8221; field_title=&#8221;Company:&#8221; fullwidth_field=&#8221;on&#8221; _builder_version=&#8221;4.16&#8243; _module_preset=&#8221;default&#8221; global_colors_info=&#8221;{}&#8221;][\/et_pb_contact_field][et_pb_contact_field field_id=&#8221;land&#8221; field_title=&#8221;Country:&#8221; fullwidth_field=&#8221;on&#8221; _builder_version=&#8221;4.16&#8243; _module_preset=&#8221;default&#8221; global_colors_info=&#8221;{}&#8221;][\/et_pb_contact_field][et_pb_contact_field field_id=&#8221;senderemail&#8221; field_title=&#8221; E-mail address:&#8221; field_type=&#8221;email&#8221; fullwidth_field=&#8221;on&#8221; _builder_version=&#8221;4.16&#8243; _module_preset=&#8221;default&#8221; global_colors_info=&#8221;{}&#8221;][\/et_pb_contact_field][et_pb_contact_field field_id=&#8221;telefon&#8221; field_title=&#8221;Contact phone:&#8221; fullwidth_field=&#8221;on&#8221; _builder_version=&#8221;4.16&#8243; _module_preset=&#8221;default&#8221; global_colors_info=&#8221;{}&#8221;][\/et_pb_contact_field][et_pb_contact_field field_id=&#8221;bedingungen&#8221; field_title=&#8221;I agree to the data protection conditions.&#8221; field_type=&#8221;checkbox&#8221; checkbox_options=&#8221;%91{%22value%22:%22I agree to the data protection conditions.* %22,%22checked%22:0,%22dragID%22:-1,%22link_url%22:%22https:\/\/www.alpha-numerics.de\/en\/data-protection-statement\/%22,%22link_text%22:%22Data protection%22}%93&#8243; fullwidth_field=&#8221;on&#8221; _builder_version=&#8221;4.16&#8243; _module_preset=&#8221;default&#8221; link_option_url_new_window=&#8221;on&#8221; use_field_label_cr=&#8221;off&#8221; global_colors_info=&#8221;{}&#8221;][\/et_pb_contact_field][et_pb_contact_field field_id=&#8221;Field_15&#8243; fullwidth_field=&#8221;on&#8221; _builder_version=&#8221;4.24.2&#8243; _module_preset=&#8221;default&#8221; use_field_html=&#8221;on&#8221; field_htmlcontent=&#8221;<\/p>\n<p>* The marked details are required.<\/p>\n<p>Please enter a company e-mail address.<br \/>If this is not possible, please write to us at <a href=%22mailto:register@alpha-numerics.de%22 data-et-target-link=%22_blank%22 rel=%22noopener%22>register@alpha-numerics.de<\/a>.<\/p>\n<p>&#8221; global_colors_info=&#8221;{}&#8221;][\/et_pb_contact_field][\/et_pb_contact_form][\/et_pb_column][et_pb_column type=&#8221;1_4&#8243; _builder_version=&#8221;4.16&#8243; global_colors_info=&#8221;{}&#8221;][\/et_pb_column][\/et_pb_row][\/et_pb_section]<\/p>\n","protected":false},"excerpt":{"rendered":"<p>ALPHA-Numerics GmbH &#8211; Tw\u00f3j specjalista od ch\u0142odzenia elektroniki Oferujemy przemys\u0142owe narz\u0119dzia symulacyjne CFD (Computational Fluid Dynamics) do ch\u0142odzenia elektroniki. Jako wykonawca in\u017cynierii symulacji i dystrybutor oprogramowania Cadence CelsiusEC, oferujemy szereg mo\u017cliwo\u015bci szkoleniowych dla in\u017cynier\u00f3w projektant\u00f3w i programist\u00f3w sprz\u0119tu.Ponadto wszyscy wykwalifikowani u\u017cytkownicy oprogramowania mog\u0105 skorzysta\u0107 z naszego kompetentnego i szybkiego wsparcia za po\u015brednictwem naszej infolinii, wirtualnych [&hellip;]<\/p>\n","protected":false},"author":4,"featured_media":0,"parent":0,"menu_order":0,"comment_status":"closed","ping_status":"closed","template":"","meta":{"_et_pb_use_builder":"on","_et_pb_old_content":"","_et_gb_content_width":"","footnotes":""},"class_list":["post-3358","page","type-page","status-publish","hentry"],"_links":{"self":[{"href":"https:\/\/www.alpha-numerics.de\/en\/wp-json\/wp\/v2\/pages\/3358","targetHints":{"allow":["GET"]}}],"collection":[{"href":"https:\/\/www.alpha-numerics.de\/en\/wp-json\/wp\/v2\/pages"}],"about":[{"href":"https:\/\/www.alpha-numerics.de\/en\/wp-json\/wp\/v2\/types\/page"}],"author":[{"embeddable":true,"href":"https:\/\/www.alpha-numerics.de\/en\/wp-json\/wp\/v2\/users\/4"}],"replies":[{"embeddable":true,"href":"https:\/\/www.alpha-numerics.de\/en\/wp-json\/wp\/v2\/comments?post=3358"}],"version-history":[{"count":13,"href":"https:\/\/www.alpha-numerics.de\/en\/wp-json\/wp\/v2\/pages\/3358\/revisions"}],"predecessor-version":[{"id":3612,"href":"https:\/\/www.alpha-numerics.de\/en\/wp-json\/wp\/v2\/pages\/3358\/revisions\/3612"}],"wp:attachment":[{"href":"https:\/\/www.alpha-numerics.de\/en\/wp-json\/wp\/v2\/media?parent=3358"}],"curies":[{"name":"wp","href":"https:\/\/api.w.org\/{rel}","templated":true}]}}