{"id":5368,"date":"2026-02-02T09:53:33","date_gmt":"2026-02-02T08:53:33","guid":{"rendered":"https:\/\/www.alpha-numerics.de\/software-2\/"},"modified":"2026-02-02T09:53:35","modified_gmt":"2026-02-02T08:53:35","slug":"software-2","status":"publish","type":"page","link":"https:\/\/www.alpha-numerics.de\/en\/software-2\/","title":{"rendered":"Software"},"content":{"rendered":"<p>[et_pb_section fb_built=&#8221;1&#8243; fullwidth=&#8221;on&#8221; _builder_version=&#8221;4.16&#8243; width=&#8221;100%&#8221; height=&#8221;700px&#8221; custom_margin=&#8221;||||false|false&#8221; custom_padding=&#8221;||||false|false&#8221; bottom_divider_style=&#8221;arrow2&#8243; bottom_divider_color=&#8221;#ffffff&#8221; global_colors_info=&#8221;{}&#8221; theme_builder_area=&#8221;post_content&#8221;][et_pb_fullwidth_header title=&#8221;Thermische Simulation vom Chip bis zum Ger\u00e4televel&#8221; text_orientation=&#8221;center&#8221; _builder_version=&#8221;4.27.2&#8243; title_font=&#8221;|700||on|||||&#8221; title_text_align=&#8221;center&#8221; background_enable_color=&#8221;off&#8221; use_background_color_gradient=&#8221;on&#8221; background_color_gradient_direction=&#8221;166deg&#8221; background_color_gradient_stops=&#8221;rgba(0,0,0,0.48) 0%|#000000 100%&#8221; background_color_gradient_start=&#8221;rgba(0,0,0,0.48)&#8221; background_color_gradient_end=&#8221;#000000&#8243; background_image=&#8221;https:\/\/www.alpha-numerics.de\/wp-content\/uploads\/2024\/10\/Entry-Pic-Kopie-1024&#215;576.png&#8221; background_position=&#8221;center_left&#8221; background_enable_video_mp4=&#8221;off&#8221; min_height=&#8221;700px&#8221; min_height_tablet=&#8221;700px&#8221; min_height_last_edited=&#8221;off|phone&#8221; title_text_shadow_style=&#8221;preset1&#8243; global_colors_info=&#8221;{}&#8221; theme_builder_area=&#8221;post_content&#8221;][\/et_pb_fullwidth_header][\/et_pb_section][et_pb_section fb_built=&#8221;1&#8243; _builder_version=&#8221;4.16&#8243; custom_padding=&#8221;80px||80px|||&#8221; global_colors_info=&#8221;{}&#8221; theme_builder_area=&#8221;post_content&#8221;][et_pb_row _builder_version=&#8221;4.16&#8243; custom_padding=&#8221;0px|||||&#8221; global_colors_info=&#8221;{}&#8221; theme_builder_area=&#8221;post_content&#8221;][et_pb_column type=&#8221;4_4&#8243; _builder_version=&#8221;4.16&#8243; global_colors_info=&#8221;{}&#8221; theme_builder_area=&#8221;post_content&#8221;][et_pb_text _builder_version=&#8221;4.16&#8243; header_font=&#8221;|600|||||||&#8221; header_text_color=&#8221;#0c71c3&#8243; global_colors_info=&#8221;{}&#8221; theme_builder_area=&#8221;post_content&#8221;]<\/p>\n<h1 class=\"p1\" style=\"text-align: left;\"><strong>Detailgenau modellieren und simulieren<\/strong><\/h1>\n<p><span class=\"s1\"><b><\/b><\/span><\/p>\n<p class=\"p1\">Elektronische Ger\u00e4te und Bauteile reagieren besonders empfindlich auf zu hohe Temperaturen, ganz gleich ob die W\u00e4rme durch den eigentlichen Betrieb, oder durch die \u00e4u\u00dferen Einfl\u00fcsse entsteht.<\/p>\n<p>Entsprechend wichtig ist es, die K\u00fchlung der Elektronik bereits zu Beginn der Entwicklung neuer Ger\u00e4te oder der Planung von Rechenzentren oder Serverr\u00e4umen einzuplanen.<\/p>\n<p>Wir bieten Ihnen die passenden Softwarel\u00f6sungen, mit denen Sie schon im fr\u00fchen Entwicklungsstadium umfangreiche Tests und Simulationen durchf\u00fchren k\u00f6nnen \u2013 einfach und dennoch zuverl\u00e4ssig.<\/p>\n<p>[\/et_pb_text][\/et_pb_column][\/et_pb_row][et_pb_row _builder_version=&#8221;4.27.2&#8243; _module_preset=&#8221;default&#8221; global_colors_info=&#8221;{}&#8221; theme_builder_area=&#8221;post_content&#8221;][et_pb_column type=&#8221;4_4&#8243; _builder_version=&#8221;4.27.2&#8243; _module_preset=&#8221;default&#8221; global_colors_info=&#8221;{}&#8221; theme_builder_area=&#8221;post_content&#8221;][et_pb_image src=&#8221;https:\/\/www.alpha-numerics.de\/wp-content\/uploads\/2024\/10\/Entwicklungszyklus-Kopie.png&#8221; title_text=&#8221;Entwicklungszyklus Kopie&#8221; _builder_version=&#8221;4.27.2&#8243; _module_preset=&#8221;default&#8221; global_colors_info=&#8221;{}&#8221; theme_builder_area=&#8221;post_content&#8221;][\/et_pb_image][\/et_pb_column][\/et_pb_row][et_pb_row _builder_version=&#8221;4.27.2&#8243; _module_preset=&#8221;default&#8221; global_colors_info=&#8221;{}&#8221; theme_builder_area=&#8221;post_content&#8221;][et_pb_column type=&#8221;4_4&#8243; _builder_version=&#8221;4.27.2&#8243; _module_preset=&#8221;default&#8221; global_colors_info=&#8221;{}&#8221; theme_builder_area=&#8221;post_content&#8221;][et_pb_text _builder_version=&#8221;4.27.2&#8243; _module_preset=&#8221;default&#8221; custom_padding=&#8221;||3px|||&#8221; global_colors_info=&#8221;{}&#8221; theme_builder_area=&#8221;post_content&#8221;]<\/p>\n<p>Um einen Einblick in die Themen<\/p>\n<ul>\n<li>WANN setze ich solch eine Simulationssoftware am Besten ein?<\/li>\n<li>WELCHE Stellschrauben f\u00fcr die Optimierung meiner K\u00fchlstrategie habe ich?<\/li>\n<li>Falls ich mich f\u00fcr eine Auftragssimulation interessiere &#8211; WIE l\u00e4uft dies ab?<\/li>\n<li>CelsiusEC LIVE sehen und alle Fragen zur Software kl\u00e4ren.<\/li>\n<\/ul>\n<p>bieten wir regelm\u00e4\u00dfig kostenlose Webinare an. Diese bieten Ihnen geballtes Wissen in jeweils 45 Minuten und es kostet Sie nur Ihre wertvolle Zeit. <\/p>\n<p>Interesse? Dann schauen Sie sich die detaillierten <a href=\"https:\/\/www.alpha-numerics.de\/unsere-regelmaessig-angebotene-webinare-1-2-3-4\/\" target=\"_blank\" rel=\"noopener\">Webinar-Inhalte und Termine<\/a> gerne unter diesem Link an. <\/p>\n<p>[\/et_pb_text][\/et_pb_column][\/et_pb_row][\/et_pb_section][et_pb_section fb_built=&#8221;1&#8243; disabled_on=&#8221;on|on|off&#8221; _builder_version=&#8221;4.16&#8243; background_color=&#8221;#054989&#8243; background_image=&#8221;https:\/\/www.alpha-numerics.de\/wp-content\/uploads\/2019\/12\/sigma-6-et-bg-1.jpg&#8221; parallax=&#8221;on&#8221; custom_padding=&#8221;80px||80px|||&#8221; global_colors_info=&#8221;{}&#8221; theme_builder_area=&#8221;post_content&#8221;][et_pb_row column_structure=&#8221;2_5,3_5&#8243; _builder_version=&#8221;4.16&#8243; global_colors_info=&#8221;{}&#8221; theme_builder_area=&#8221;post_content&#8221;][et_pb_column type=&#8221;2_5&#8243; _builder_version=&#8221;4.16&#8243; global_colors_info=&#8221;{}&#8221; theme_builder_area=&#8221;post_content&#8221;][et_pb_image src=&#8221;https:\/\/www.alpha-numerics.de\/wp-content\/uploads\/2023\/08\/Knopf-6SigmaET-oder-EC.jpg&#8221; title_text=&#8221;Knopf 6SigmaET oder EC&#8221; _builder_version=&#8221;4.16&#8243; box_shadow_style=&#8221;preset3&#8243; box_shadow_color=&#8221;#000000&#8243; global_colors_info=&#8221;{}&#8221; theme_builder_area=&#8221;post_content&#8221;][\/et_pb_image][\/et_pb_column][et_pb_column type=&#8221;3_5&#8243; _builder_version=&#8221;4.16&#8243; global_colors_info=&#8221;{}&#8221; theme_builder_area=&#8221;post_content&#8221;][et_pb_text _builder_version=&#8221;4.16&#8243; text_text_color=&#8221;#ffffff&#8221; header_2_text_color=&#8221;#ffffff&#8221; global_colors_info=&#8221;{}&#8221; theme_builder_area=&#8221;post_content&#8221;]<\/p>\n<h2><strong>CelsiusEC \u2013 smarte Ger\u00e4tesimulation<\/strong><\/h2>\n<p><strong>CelsiusEC ist eine f\u00fcr die Entwicklung von Elektronischen Ger\u00e4ten zugeschnittene CFD-Software. Diese erm\u00f6glicht dem Entwickler, von der PCB-Konzeptionierung \u00fcber die CAD-basierte Geh\u00e4usekonstruktion bis hin zum virtuellen Prototyp, die thermischen Herausforderungen vorherzusagen und die resultierenden L\u00f6sungskonzepte simulativ zu \u00fcberpr\u00fcfen. Solch Spezialsoftware entwickelt sich durch j\u00e4hrliche Releases immer weiter. Meist sind Funktionsw\u00fcnsche der Kunden oder Funktionsanforderungen neuer M\u00e4rkte die Innovationstreiber f\u00fcr den Softwarehersteller.   <\/strong><\/p>\n<p>[\/et_pb_text][et_pb_image src=&#8221;https:\/\/www.alpha-numerics.de\/wp-content\/uploads\/2024\/10\/Waermewege-oHintergrund-2.png&#8221; title_text=&#8221;W\u00e4rmewege oHintergrund 2&#8243; _builder_version=&#8221;4.27.2&#8243; _module_preset=&#8221;default&#8221; global_colors_info=&#8221;{}&#8221; theme_builder_area=&#8221;post_content&#8221;][\/et_pb_image][\/et_pb_column][\/et_pb_row][\/et_pb_section][et_pb_section fb_built=&#8221;1&#8243; disabled_on=&#8221;on|on|off&#8221; _builder_version=&#8221;4.27.2&#8243; background_image=&#8221;https:\/\/www.alpha-numerics.de\/wp-content\/uploads\/2023\/08\/Receiver_move2.png&#8221; parallax=&#8221;on&#8221; custom_padding=&#8221;80px||80px|||&#8221; bottom_divider_color=&#8221;#ffffff&#8221; global_colors_info=&#8221;{}&#8221; theme_builder_area=&#8221;post_content&#8221;][et_pb_row column_structure=&#8221;2_5,3_5&#8243; _builder_version=&#8221;4.16&#8243; custom_padding=&#8221;||40px|||&#8221; global_colors_info=&#8221;{}&#8221; theme_builder_area=&#8221;post_content&#8221;][et_pb_column type=&#8221;2_5&#8243; _builder_version=&#8221;4.16&#8243; global_colors_info=&#8221;{}&#8221; theme_builder_area=&#8221;post_content&#8221;][et_pb_image src=&#8221;https:\/\/www.alpha-numerics.de\/wp-content\/uploads\/2020\/02\/Bild-1.jpg&#8221; title_text=&#8221;CFD Simulation&#8221; _builder_version=&#8221;4.27.2&#8243; box_shadow_style=&#8221;preset3&#8243; box_shadow_color=&#8221;rgba(0,0,0,0.67)&#8221; global_colors_info=&#8221;{}&#8221; theme_builder_area=&#8221;post_content&#8221;][\/et_pb_image][\/et_pb_column][et_pb_column type=&#8221;3_5&#8243; _builder_version=&#8221;4.16&#8243; global_colors_info=&#8221;{}&#8221; theme_builder_area=&#8221;post_content&#8221;][et_pb_text _builder_version=&#8221;4.16&#8243; header_2_text_color=&#8221;#0c71c3&#8243; inline_fonts=&#8221;Verdana&#8221; global_colors_info=&#8221;{}&#8221; theme_builder_area=&#8221;post_content&#8221;]<\/p>\n<h2 class=\"p1\"><span class=\"s1\"><b><strong>Celsius EC Anwender \u2013 erforderliche Kenntnisse<\/strong><\/b><\/span><\/h2>\n<p><span>Physikalische Hintergr\u00fcnde zum Thema Elektronikk\u00fchlung, d.h. das Wissen \u00fcber die W\u00e4rmestr\u00f6me via W\u00e4rmeleitung, Konvektion und Strahlung. Das Verst\u00e4ndnis f\u00fcr die Funktion von L\u00fcftern und dem Zusammenhang des L\u00fcfter-Arbeitspunktes zum Druckabfall in einem Ger\u00e4t. Grunds\u00e4tzliches Wissen \u00fcber ein bisschen Materialkunde und Thermodynamik. Dieses Wissen wird in ca. 1-2 Tagen vermittelt.   <\/span><\/p>\n<p><span>Simulationskenntnisse, d.h. was steckt hinter dem numerischen Verfahren, welche Bedeutung hat die Vernetzung und wie wird ein CAD-Modell mit allen zugeh\u00f6rigen Elektronikdetails und Verlustleistungstr\u00e4gern in solch einem Werkzeug f\u00fcr den Solver umgesetzt. Welche Ergebnisse kann man erzeugen und wie sind die Ergebnisgrafiken zu deuten und f\u00fcr die Optimierung zu nutzen. Auch ein wichtiger Part ist die richtige Modellierung in dem Simulationswerkzeug. Man sollte lernen, richtige thermische Ersatzmodelle aufzubauen, welche zum einen die thermische Charakteristik einer Elektronikkomponente laut Datenblatt widerspiegeln, und zum anderen auch detaillierte PCB-Layouts physikalisch so beschreiben, dass viele Knotenpunkte im L\u00f6sungsgitter wegfallen. Diese Details lernt man von einem versierten Trainer in ca. 1-2 zus\u00e4tzlichen Tagen.    <\/span><\/p>\n<p><span style=\"font-family: Verdana; font-weight: normal; font-size: large;\"><em><strong>Wir bilden auch aus!<\/strong><\/em><\/span><\/p>\n<p><span><\/span><\/p>\n<p>[\/et_pb_text][\/et_pb_column][\/et_pb_row][\/et_pb_section][et_pb_section fb_built=&#8221;1&#8243; _builder_version=&#8221;4.16&#8243; background_color=&#8221;#054989&#8243; custom_padding=&#8221;80px||80px|||&#8221; global_colors_info=&#8221;{}&#8221; theme_builder_area=&#8221;post_content&#8221;][et_pb_row _builder_version=&#8221;4.16&#8243; global_colors_info=&#8221;{}&#8221; theme_builder_area=&#8221;post_content&#8221;][et_pb_column type=&#8221;4_4&#8243; _builder_version=&#8221;4.16&#8243; global_colors_info=&#8221;{}&#8221; theme_builder_area=&#8221;post_content&#8221;][et_pb_text _builder_version=&#8221;4.16&#8243; text_text_color=&#8221;#ffffff&#8221; link_text_color=&#8221;#ffffff&#8221; header_2_text_color=&#8221;#ffffff&#8221; header_4_text_color=&#8221;#b2b2b2&#8243; custom_padding=&#8221;||1px|||&#8221; global_colors_info=&#8221;{}&#8221; theme_builder_area=&#8221;post_content&#8221;]<\/p>\n<h4><strong>Training &#8211; Online oder auf Wunsch auch bei Ihnen vor Ort<\/strong><\/h4>\n<h2><strong>Wissen, worauf es ankommt<\/strong><\/h2>\n<p><span>Als Spezialisten f\u00fcr Elektronikk\u00fchlung vertreiben wir nicht nur die entsprechende Software, wir wissen auch, wie man sie effizient und erfolgreich einsetzt und teilen unser Knowhow mit Ihnen.<\/span><strong><\/strong><\/p>\n<p>In ma\u00dfgeschneiderten Workshops und Schulungen bilden wir Ihre Ingenieure, Entwickler und IT-Spezialisten im Umgang mit der CelsiusEC Software aus. Zus\u00e4tzlich bieten wir auch  <span><\/span><span>individuelle<\/span> <span>Ausbildung<\/span><span>en an \u2013<\/span> <span>basierend auf kundeneigenen Produktdaten<\/span><span><\/span>.<\/p>\n<p>Damit Sie und Ihre Mitarbeiter in Sachen Elektronikk\u00fchlung auf dem neusten Stand sind.<\/p>\n<p>Mehr zu unseren Schulungsangeboten finden Sie <a href=\"https:\/\/www.alpha-numerics.de\/en\/training\/\" target=\"_blank\" rel=\"noopener noreferrer\" title=\"Schulung\"><u>hier.<\/u><\/a><\/p>\n<p>[\/et_pb_text][\/et_pb_column][\/et_pb_row][et_pb_row _builder_version=&#8221;4.27.2&#8243; _module_preset=&#8221;default&#8221; global_colors_info=&#8221;{}&#8221; theme_builder_area=&#8221;post_content&#8221;][et_pb_column type=&#8221;4_4&#8243; _builder_version=&#8221;4.27.2&#8243; _module_preset=&#8221;default&#8221; global_colors_info=&#8221;{}&#8221; theme_builder_area=&#8221;post_content&#8221;][et_pb_image src=&#8221;https:\/\/www.alpha-numerics.de\/wp-content\/uploads\/2019\/12\/alpha-numerics-elektronikkuehlung.jpg&#8221; title_text=&#8221;alpha-numerics-elektronikkuehlung&#8221; _builder_version=&#8221;4.27.2&#8243; _module_preset=&#8221;default&#8221; global_colors_info=&#8221;{}&#8221; theme_builder_area=&#8221;post_content&#8221;][\/et_pb_image][\/et_pb_column][\/et_pb_row][\/et_pb_section][et_pb_section fb_built=&#8221;1&#8243; _builder_version=&#8221;4.16&#8243; saved_tabs=&#8221;all&#8221; global_colors_info=&#8221;{}&#8221; theme_builder_area=&#8221;post_content&#8221;][et_pb_row _builder_version=&#8221;4.27.2&#8243; _module_preset=&#8221;default&#8221; global_colors_info=&#8221;{}&#8221; theme_builder_area=&#8221;post_content&#8221;][et_pb_column type=&#8221;4_4&#8243; _builder_version=&#8221;4.27.2&#8243; _module_preset=&#8221;default&#8221; global_colors_info=&#8221;{}&#8221; theme_builder_area=&#8221;post_content&#8221;][et_pb_text _builder_version=&#8221;4.27.2&#8243; _module_preset=&#8221;default&#8221; global_colors_info=&#8221;{}&#8221; theme_builder_area=&#8221;post_content&#8221;]<\/p>\n<h2 class=\"p1\"><span class=\"s1\" style=\"color: #0c71c3;\"><b><strong>Sie w\u00fcrden gerne CelsiusEC testen?<\/strong><\/b><\/span><\/h2>\n<p><span>Um ihre Zeit effizient zu nutzen, bieten wir in regelm\u00e4\u00dfigen Abst\u00e4nden sogenannte &#8220;Einf\u00fchrungskurse&#8221; an. Diese bieten Ihnen online einen kostenlosen Einblick (2h) in CelsiusEC. <\/span><\/p>\n<p>Anlehnend an die \u00fcblichen Schulungsunterlagen f\u00fcr unser 8h Online-Training (1.500\u20ac pauschal f\u00fcr bis zu 5 Personen), haben wir den Inhalt auf 2h komprimiert. Dies ersetzt zwar keine hochwertige Schulung. Doch erleichtert es den Einstieg in eine Testphase ungemein.  <\/p>\n<p><em style=\"font-family: Verdana; font-size: large;\"><strong>Mehr Informationen und Termine zu den Einf\u00fchrungskursen finden Sie <span style=\"text-decoration: underline;\"><a href=\"https:\/\/www.alpha-numerics.de\/en\/introduction-to-celsiusec-with-free-trial-period\/\" target=\"_blank\" rel=\"noopener\">hier<\/a><\/span>!<\/strong><\/em><\/p>\n<p><span><\/span><\/p>\n<p>[\/et_pb_text][et_pb_image src=&#8221;https:\/\/www.alpha-numerics.de\/wp-content\/uploads\/2024\/02\/Monitorblick-small.jpg&#8221; title_text=&#8221;Monitorblick small&#8221; _builder_version=&#8221;4.24.2&#8243; _module_preset=&#8221;default&#8221; global_colors_info=&#8221;{}&#8221; theme_builder_area=&#8221;post_content&#8221;][\/et_pb_image][\/et_pb_column][\/et_pb_row][\/et_pb_section][et_pb_section fb_built=&#8221;1&#8243; prev_background_color=&#8221;#ffffff&#8221; _builder_version=&#8221;4.16&#8243; background_color=&#8221;#054989&#8243; custom_padding=&#8221;40px||40px||true|false&#8221; top_divider_style=&#8221;arrow3&#8243; global_colors_info=&#8221;{}&#8221; theme_builder_area=&#8221;post_content&#8221;][\/et_pb_section]<\/p>\n","protected":false},"excerpt":{"rendered":"<p>Detailgenau modellieren und simulieren Elektronische Ger\u00e4te und Bauteile reagieren besonders empfindlich auf zu hohe Temperaturen, ganz gleich ob die W\u00e4rme durch den eigentlichen Betrieb, oder durch die \u00e4u\u00dferen Einfl\u00fcsse entsteht. Entsprechend wichtig ist es, die K\u00fchlung der Elektronik bereits zu Beginn der Entwicklung neuer Ger\u00e4te oder der Planung von Rechenzentren oder Serverr\u00e4umen einzuplanen. Wir bieten [&hellip;]<\/p>\n","protected":false},"author":4,"featured_media":0,"parent":0,"menu_order":0,"comment_status":"closed","ping_status":"closed","template":"","meta":{"_et_pb_use_builder":"on","_et_pb_old_content":"","_et_gb_content_width":"","footnotes":""},"class_list":["post-5368","page","type-page","status-publish","hentry"],"_links":{"self":[{"href":"https:\/\/www.alpha-numerics.de\/en\/wp-json\/wp\/v2\/pages\/5368","targetHints":{"allow":["GET"]}}],"collection":[{"href":"https:\/\/www.alpha-numerics.de\/en\/wp-json\/wp\/v2\/pages"}],"about":[{"href":"https:\/\/www.alpha-numerics.de\/en\/wp-json\/wp\/v2\/types\/page"}],"author":[{"embeddable":true,"href":"https:\/\/www.alpha-numerics.de\/en\/wp-json\/wp\/v2\/users\/4"}],"replies":[{"embeddable":true,"href":"https:\/\/www.alpha-numerics.de\/en\/wp-json\/wp\/v2\/comments?post=5368"}],"version-history":[{"count":3,"href":"https:\/\/www.alpha-numerics.de\/en\/wp-json\/wp\/v2\/pages\/5368\/revisions"}],"predecessor-version":[{"id":5371,"href":"https:\/\/www.alpha-numerics.de\/en\/wp-json\/wp\/v2\/pages\/5368\/revisions\/5371"}],"wp:attachment":[{"href":"https:\/\/www.alpha-numerics.de\/en\/wp-json\/wp\/v2\/media?parent=5368"}],"curies":[{"name":"wp","href":"https:\/\/api.w.org\/{rel}","templated":true}]}}